{"id":3847,"date":"2024-07-17T02:35:58","date_gmt":"2024-07-17T02:35:58","guid":{"rendered":"https:\/\/vnforum.vn\/le-hoang-uyen-vy\/"},"modified":"2024-07-18T05:46:58","modified_gmt":"2024-07-18T05:46:58","slug":"le-hoang-uyen-vy","status":"publish","type":"page","link":"https:\/\/vnforum.vn\/en\/le-hoang-uyen-vy\/","title":{"rendered":"L\u00ea Ho\u00e0ng Uy\u00ean Vy"},"content":{"rendered":"\t\t<div data-elementor-type=\"wp-page\" data-elementor-id=\"3847\" class=\"elementor elementor-3847 elementor-3699\" data-elementor-post-type=\"page\">\n\t\t\t\t\t\t<section class=\"elementor-section elementor-top-section elementor-element elementor-element-1a6f70f elementor-section-boxed elementor-section-height-default elementor-section-height-default\" data-id=\"1a6f70f\" data-element_type=\"section\">\n\t\t\t\t\t\t<div class=\"elementor-container elementor-column-gap-default\">\n\t\t\t\t\t<div class=\"elementor-column elementor-col-100 elementor-top-column elementor-element elementor-element-1f55812 lakit-col-width-auto-no\" data-id=\"1f55812\" data-element_type=\"column\">\n\t\t\t<div class=\"elementor-widget-wrap elementor-element-populated\">\n\t\t\t\t\t\t<div class=\"elementor-element elementor-element-97aef12 elementor-widget elementor-widget-heading\" data-id=\"97aef12\" data-element_type=\"widget\" data-widget_type=\"heading.default\">\n\t\t\t\t<div class=\"elementor-widget-container\">\n\t\t\t<style>\/*! elementor - v3.22.0 - 26-06-2024 *\/\n.elementor-heading-title{padding:0;margin:0;line-height:1}.elementor-widget-heading .elementor-heading-title[class*=elementor-size-]>a{color:inherit;font-size:inherit;line-height:inherit}.elementor-widget-heading .elementor-heading-title.elementor-size-small{font-size:15px}.elementor-widget-heading .elementor-heading-title.elementor-size-medium{font-size:19px}.elementor-widget-heading .elementor-heading-title.elementor-size-large{font-size:29px}.elementor-widget-heading .elementor-heading-title.elementor-size-xl{font-size:39px}.elementor-widget-heading .elementor-heading-title.elementor-size-xxl{font-size:59px}<\/style><h2 class=\"elementor-heading-title elementor-size-default\">speaker<\/h2>\t\t<\/div>\n\t\t\t\t<\/div>\n\t\t\t\t<div class=\"elementor-element elementor-element-6bba43c pp-info-box-left elementor-widget elementor-widget-pp-info-box\" data-id=\"6bba43c\" data-element_type=\"widget\" data-settings=\"{&quot;icon_position&quot;:&quot;left&quot;}\" data-widget_type=\"pp-info-box.default\">\n\t\t\t\t<div class=\"elementor-widget-container\">\n\t\t\t\t\t<div class=\"pp-info-box-container\">\n\t\t\t<div class=\"pp-info-box\">\n\t\t\t\t\t\t\t\t\t<div class=\"pp-info-box-icon-wrap\">\n\t\t\t\t\t\t\t\t\t\t\t\t\t\t<span class=\"pp-info-box-icon pp-icon\">\n\t\t\t<img fetchpriority=\"high\" decoding=\"async\" width=\"674\" height=\"674\" src=\"https:\/\/vnforum.vn\/wp-content\/uploads\/2024\/07\/vuong-1.jpg\" class=\"attachment-full size-full wp-image-3717\" alt=\"\" srcset=\"https:\/\/vnforum.vn\/wp-content\/uploads\/2024\/07\/vuong-1.jpg 674w, https:\/\/vnforum.vn\/wp-content\/uploads\/2024\/07\/vuong-1-300x300.jpg 300w, https:\/\/vnforum.vn\/wp-content\/uploads\/2024\/07\/vuong-1-150x150.jpg 150w\" sizes=\"(max-width: 674px) 100vw, 674px\" \/>\t\t<\/span>\n\t\t\t\t\t\t\t\t\t\t\t\t\t<\/div>\n\t\t\t\t\t\t\t\t<div class=\"pp-info-box-content\">\n\t\t\t\t\t<div class=\"pp-info-box-title-wrap\">\n\t\t\t\t\t\t\t\t\t\t\t\t\t<div class=\"pp-info-box-title-container\">\n\t\t\t\t\t\t\t\t<h4 class=\"pp-info-box-title\">\n\t\t\t\t\t\t\t\t\tLe Hoang Uyen Vy\t\t\t\t\t\t\t\t<\/h4>\n\t\t\t\t\t\t\t<\/div>\n\t\t\t\t\t\t\t\t\t\t\t\t\t\t<h5 class=\"pp-info-box-subtitle\">\n\t\t\t\t\t\t\t\tGeneral Partner Do Ventures<br>Vice President of the Vietnam E-commerce Association\t\t\t\t\t\t\t<\/h5>\n\t\t\t\t\t\t\t\t\t\t\t\t<\/div>\n\n\t\t\t\t\t\n\t\t\t\t\t\t\t\t\t\t\t<div class=\"pp-info-box-description\">\n\t\t\t\t\t\t\t<p>Vy is the Co-founder and General Partner of Do Ventures, an early-stage venture capital firm that focuses on making investments in technology companies in Vietnam and Southeast Asia.<\/p><p>Vy is an innovative serial entrepreneur with extensive experience in operations and keen insights into the Vietnam market. At 13, she founded TmSpeed Network, specialized in web development and hosting service. In 2010, Vy founded Chon.vn and served as CEO, developing the platform into one of the most popular online fashion shopping centers in Vietnam. In 2014, she exited Chon.vn to Vingroup, the largest private conglomerate in Vietnam. She then served as the CEO of Vingroup\u2019s e-commerce subsidiary, Adayroi.com, and successfully scaled the company from scratch to reach a few hundred million USD in revenue.<\/p><p>Vy graduated as Valedictorian from Georgetown University (United States). She holds a Bachelor\u2019s degree in Finance.<\/p>\t\t\t\t\t\t<\/div>\n\t\t\t\t\t\t\t\t\t\t\t\t\t\t<\/div>\n\t\t\t<\/div>\n\t\t<\/div>\n\t\t\t\t<\/div>\n\t\t\t\t<\/div>\n\t\t\t\t\t<\/div>\n\t\t<\/div>\n\t\t\t\t\t<\/div>\n\t\t<\/section>\n\t\t\t\t<\/div>\n\t\t","protected":false},"excerpt":{"rendered":"<p>speaker Le Hoang Uyen Vy General Partner Do VenturesVice President of the Vietnam E-commerce Association&#8230;<\/p>\n","protected":false},"author":1,"featured_media":0,"parent":0,"menu_order":0,"comment_status":"closed","ping_status":"closed","template":"elementor_header_footer","meta":{"_acf_changed":false,"footnotes":""},"class_list":["post-3847","page","type-page","status-publish","hentry"],"acf":[],"_links":{"self":[{"href":"https:\/\/vnforum.vn\/en\/wp-json\/wp\/v2\/pages\/3847","targetHints":{"allow":["GET"]}}],"collection":[{"href":"https:\/\/vnforum.vn\/en\/wp-json\/wp\/v2\/pages"}],"about":[{"href":"https:\/\/vnforum.vn\/en\/wp-json\/wp\/v2\/types\/page"}],"author":[{"embeddable":true,"href":"https:\/\/vnforum.vn\/en\/wp-json\/wp\/v2\/users\/1"}],"replies":[{"embeddable":true,"href":"https:\/\/vnforum.vn\/en\/wp-json\/wp\/v2\/comments?post=3847"}],"version-history":[{"count":4,"href":"https:\/\/vnforum.vn\/en\/wp-json\/wp\/v2\/pages\/3847\/revisions"}],"predecessor-version":[{"id":3851,"href":"https:\/\/vnforum.vn\/en\/wp-json\/wp\/v2\/pages\/3847\/revisions\/3851"}],"wp:attachment":[{"href":"https:\/\/vnforum.vn\/en\/wp-json\/wp\/v2\/media?parent=3847"}],"curies":[{"name":"wp","href":"https:\/\/api.w.org\/{rel}","templated":true}]}}