{"id":2396,"date":"2024-07-08T10:02:02","date_gmt":"2024-07-08T10:02:02","guid":{"rendered":"https:\/\/vnforum.vn\/?page_id=2396"},"modified":"2024-08-02T09:32:49","modified_gmt":"2024-08-02T09:32:49","slug":"dang-ky","status":"publish","type":"page","link":"https:\/\/vnforum.vn\/en\/dang-ky\/","title":{"rendered":"\u0110\u0103ng k\u00fd"},"content":{"rendered":"\t\t<div data-elementor-type=\"wp-page\" data-elementor-id=\"2396\" class=\"elementor elementor-2396\" data-elementor-post-type=\"page\">\n\t\t\t\t\t\t<section class=\"elementor-section elementor-top-section elementor-element elementor-element-d547b59 elementor-section-height-min-height elementor-section-boxed elementor-section-height-default elementor-section-items-middle\" data-id=\"d547b59\" data-element_type=\"section\" data-settings=\"{&quot;background_background&quot;:&quot;classic&quot;}\">\n\t\t\t\t\t\t<div class=\"elementor-container elementor-column-gap-default\">\n\t\t\t\t\t<div class=\"elementor-column elementor-col-100 elementor-top-column elementor-element elementor-element-2e0ab02 lakit-col-width-auto-no\" data-id=\"2e0ab02\" data-element_type=\"column\">\n\t\t\t<div class=\"elementor-widget-wrap elementor-element-populated\">\n\t\t\t\t\t\t<div class=\"elementor-element elementor-element-b3394a9 elementor-widget elementor-widget-pp-info-box\" data-id=\"b3394a9\" data-element_type=\"widget\" data-widget_type=\"pp-info-box.default\">\n\t\t\t\t<div class=\"elementor-widget-container\">\n\t\t\t\t\t<div class=\"pp-info-box-container\">\n\t\t\t<div class=\"pp-info-box\">\n\t\t\t\t\t\t\t\t<div class=\"pp-info-box-content\">\n\t\t\t\t\t<div class=\"pp-info-box-title-wrap\">\n\t\t\t\t\t\t\t\t\t\t\t\t\t<div class=\"pp-info-box-title-container\">\n\t\t\t\t\t\t\t\t<h4 class=\"pp-info-box-title\">\n\t\t\t\t\t\t\t\t\tContact &amp; Register\t\t\t\t\t\t\t\t<\/h4>\n\t\t\t\t\t\t\t<\/div>\n\t\t\t\t\t\t\t\t\t\t\t\t<\/div>\n\n\t\t\t\t\t\n\t\t\t\t\t\t\t\t\t\t\t\t\t\t<\/div>\n\t\t\t<\/div>\n\t\t<\/div>\n\t\t\t\t<\/div>\n\t\t\t\t<\/div>\n\t\t\t\t\t<\/div>\n\t\t<\/div>\n\t\t\t\t\t<\/div>\n\t\t<\/section>\n\t\t\t\t<section class=\"elementor-section elementor-top-section elementor-element elementor-element-2aa98cc elementor-section-boxed elementor-section-height-default elementor-section-height-default\" data-id=\"2aa98cc\" data-element_type=\"section\">\n\t\t\t\t\t\t<div class=\"elementor-container elementor-column-gap-default\">\n\t\t\t\t\t<div class=\"elementor-column elementor-col-50 elementor-top-column elementor-element elementor-element-afd59ba lakit-col-width-auto-no\" data-id=\"afd59ba\" data-element_type=\"column\">\n\t\t\t<div class=\"elementor-widget-wrap elementor-element-populated\">\n\t\t\t\t\t\t<div class=\"elementor-element elementor-element-513ef3a elementor-widget elementor-widget-pp-info-box\" data-id=\"513ef3a\" data-element_type=\"widget\" data-widget_type=\"pp-info-box.default\">\n\t\t\t\t<div class=\"elementor-widget-container\">\n\t\t\t\t\t<div class=\"pp-info-box-container\">\n\t\t\t<div class=\"pp-info-box\">\n\t\t\t\t\t\t\t\t<div class=\"pp-info-box-content\">\n\t\t\t\t\t<div class=\"pp-info-box-title-wrap\">\n\t\t\t\t\t\t\t\t\t\t\t\t\t<div class=\"pp-info-box-title-container\">\n\t\t\t\t\t\t\t\t<h2 class=\"pp-info-box-title\">\n\t\t\t\t\t\t\t\t\tRegister for Viet Nam Forum: The Moment\t\t\t\t\t\t\t\t<\/h2>\n\t\t\t\t\t\t\t<\/div>\n\t\t\t\t\t\t\t\t\t\t\t\t<\/div>\n\n\t\t\t\t\t\n\t\t\t\t\t\t\t\t\t\t\t<div class=\"pp-info-box-description\">\n\t\t\t\t\t\t\t<p>V\u1edbi ni\u1ec1m tin v\u00e0 \u00fd th\u1ee9c m\u00e3nh li\u1ec7t r\u1eb1ng nh\u1eefng con ng\u01b0\u1eddi Vi\u1ec7t Nam d\u00f9 \u1edf b\u1ea5t k\u1ef3 n\u01a1i \u0111\u00e2u \u0111\u1ec1u g\u00f3p ph\u1ea7n l\u00e0m n\u00ean t\u00e2m h\u1ed3n, tr\u00ed tu\u1ec7, s\u1ee9c m\u1ea1nh v\u00e0 b\u1ea3n s\u1eafc d\u00e2n t\u1ed9c c\u1ee7a th\u01b0\u01a1ng hi\u1ec7u \u0111\u1ea5t n\u01b0\u1edbc, di\u1ec5n \u0111\u00e0n Vi\u1ec7t Nam: Th\u1eddi kh\u1eafc Vi\u1ec7t v\u1edbi c\u00e1c ho\u1ea1t \u0111\u1ed9ng \u0111a d\u1ea1ng v\u00e0 \u00fd ngh\u0129a theo ba ch\u1ee7 \u0111\u1ec3 c\u00f3 quan h\u1ec7 li\u00ean ho\u00e0n: V\u0103n h\u00f3a &#8211; K\u1ebft n\u1ed1i &#8211; S\u00e1ng t\u1ea1o<\/p>\t\t\t\t\t\t<\/div>\n\t\t\t\t\t\t\t\t\t\t\t\t\t\t<\/div>\n\t\t\t<\/div>\n\t\t<\/div>\n\t\t\t\t<\/div>\n\t\t\t\t<\/div>\n\t\t\t\t<div class=\"elementor-element elementor-element-075775d elementor-icon-list--layout-traditional elementor-list-item-link-full_width elementor-widget elementor-widget-icon-list\" data-id=\"075775d\" data-element_type=\"widget\" data-widget_type=\"icon-list.default\">\n\t\t\t\t<div class=\"elementor-widget-container\">\n\t\t\t<link rel=\"stylesheet\" href=\"https:\/\/vnforum.vn\/wp-content\/plugins\/elementor\/assets\/css\/widget-icon-list.min.css\">\t\t<ul class=\"elementor-icon-list-items\">\n\t\t\t\t\t\t\t<li class=\"elementor-icon-list-item\">\n\t\t\t\t\t\t\t\t\t\t\t<span class=\"elementor-icon-list-icon\">\n\t\t\t\t\t\t\t<i aria-hidden=\"true\" class=\"icofont icofont-calendar\"><\/i>\t\t\t\t\t\t<\/span>\n\t\t\t\t\t\t\t\t\t\t<span class=\"elementor-icon-list-text\"><strong>Date: <\/strong>16 - 17 August, 2024<\/span>\n\t\t\t\t\t\t\t\t\t<\/li>\n\t\t\t\t\t\t\t\t<li class=\"elementor-icon-list-item\">\n\t\t\t\t\t\t\t\t\t\t\t<span class=\"elementor-icon-list-icon\">\n\t\t\t\t\t\t\t<svg xmlns=\"http:\/\/www.w3.org\/2000\/svg\" width=\"1024\" height=\"1024\" viewBox=\"0 0 1024 1024\" class=\"lakit-font-icon-svg\"><use xlink:href=\"#dlicon___ui_2_time\"><\/use><\/svg>\t\t\t\t\t\t<\/span>\n\t\t\t\t\t\t\t\t\t\t<span class=\"elementor-icon-list-text\"><strong>Time:<\/strong> 9 AM - 9 PM<\/span>\n\t\t\t\t\t\t\t\t\t<\/li>\n\t\t\t\t\t\t\t\t<li class=\"elementor-icon-list-item\">\n\t\t\t\t\t\t\t\t\t\t\t<span class=\"elementor-icon-list-icon\">\n\t\t\t\t\t\t\t<i aria-hidden=\"true\" class=\"fas fa-map-marker-alt\"><\/i>\t\t\t\t\t\t<\/span>\n\t\t\t\t\t\t\t\t\t\t<span class=\"elementor-icon-list-text\"><strong>\u0110\u1ecba \u0111i\u1ec3m:<\/strong> Hong Bang International University<\/span>\n\t\t\t\t\t\t\t\t\t<\/li>\n\t\t\t\t\t\t<\/ul>\n\t\t\t\t<\/div>\n\t\t\t\t<\/div>\n\t\t\t\t<div class=\"elementor-element elementor-element-ce4e898 elementor-widget elementor-widget-button\" data-id=\"ce4e898\" data-element_type=\"widget\" data-widget_type=\"button.default\">\n\t\t\t\t<div class=\"elementor-widget-container\">\n\t\t\t\t\t<div class=\"elementor-button-wrapper\">\n\t\t\t<a class=\"elementor-button elementor-button-link elementor-size-sm\" href=\"https:\/\/quickom.net\/event\/dien-dan-viet-nam-thoi-khac-viet--viet-nam-forum-the-moment-2259\" target=\"_blank\" rel=\"noopener\">\n\t\t\t\t\t\t<span class=\"elementor-button-content-wrapper\">\n\t\t\t\t\t\t\t\t\t<span class=\"elementor-button-text\">Register now<\/span>\n\t\t\t\t\t<\/span>\n\t\t\t\t\t<\/a>\n\t\t<\/div>\n\t\t\t\t<\/div>\n\t\t\t\t<\/div>\n\t\t\t\t\t<\/div>\n\t\t<\/div>\n\t\t\t\t<div class=\"elementor-column elementor-col-50 elementor-top-column elementor-element elementor-element-70dfa91 lakit-col-width-auto-no\" data-id=\"70dfa91\" data-element_type=\"column\">\n\t\t\t<div class=\"elementor-widget-wrap elementor-element-populated\">\n\t\t\t\t\t\t<div class=\"elementor-element elementor-element-844bb14 elementor-widget elementor-widget-image\" data-id=\"844bb14\" data-element_type=\"widget\" data-widget_type=\"image.default\">\n\t\t\t\t<div class=\"elementor-widget-container\">\n\t\t\t<style>\/*! elementor - v3.22.0 - 26-06-2024 *\/\n.elementor-widget-image{text-align:center}.elementor-widget-image a{display:inline-block}.elementor-widget-image a img[src$=\".svg\"]{width:48px}.elementor-widget-image img{vertical-align:middle;display:inline-block}<\/style>\t\t\t\t\t\t\t\t\t\t<img fetchpriority=\"high\" decoding=\"async\" width=\"887\" height=\"881\" src=\"https:\/\/vnforum.vn\/wp-content\/uploads\/2024\/07\/Group-240036-1.jpg\" class=\"attachment-full size-full wp-image-2417\" alt=\"\" srcset=\"https:\/\/vnforum.vn\/wp-content\/uploads\/2024\/07\/Group-240036-1.jpg 887w, https:\/\/vnforum.vn\/wp-content\/uploads\/2024\/07\/Group-240036-1-300x298.jpg 300w, https:\/\/vnforum.vn\/wp-content\/uploads\/2024\/07\/Group-240036-1-150x150.jpg 150w, https:\/\/vnforum.vn\/wp-content\/uploads\/2024\/07\/Group-240036-1-768x763.jpg 768w\" sizes=\"(max-width: 887px) 100vw, 887px\" \/>\t\t\t\t\t\t\t\t\t\t\t\t\t<\/div>\n\t\t\t\t<\/div>\n\t\t\t\t\t<\/div>\n\t\t<\/div>\n\t\t\t\t\t<\/div>\n\t\t<\/section>\n\t\t\t\t<section class=\"elementor-section elementor-top-section elementor-element elementor-element-3504420 elementor-reverse-tablet elementor-reverse-mobile elementor-section-height-min-height elementor-section-items-top elementor-section-boxed elementor-section-height-default\" data-id=\"3504420\" data-element_type=\"section\" data-settings=\"{&quot;background_background&quot;:&quot;classic&quot;}\">\n\t\t\t\t\t\t<div class=\"elementor-container elementor-column-gap-default\">\n\t\t\t\t\t<div class=\"elementor-column elementor-col-50 elementor-top-column elementor-element elementor-element-f3e9207 lakit-col-width-auto-no\" data-id=\"f3e9207\" data-element_type=\"column\">\n\t\t\t<div class=\"elementor-widget-wrap elementor-element-populated\">\n\t\t\t\t\t\t<div class=\"elementor-element elementor-element-b2d1eae elementor-widget elementor-widget-image\" data-id=\"b2d1eae\" data-element_type=\"widget\" data-widget_type=\"image.default\">\n\t\t\t\t<div class=\"elementor-widget-container\">\n\t\t\t\t\t\t\t\t\t\t\t\t\t<img decoding=\"async\" width=\"887\" height=\"881\" src=\"https:\/\/vnforum.vn\/wp-content\/uploads\/2024\/08\/Thiet-ke-chua-co-ten-6.png\" class=\"attachment-full size-full wp-image-4994\" alt=\"\" srcset=\"https:\/\/vnforum.vn\/wp-content\/uploads\/2024\/08\/Thiet-ke-chua-co-ten-6.png 887w, https:\/\/vnforum.vn\/wp-content\/uploads\/2024\/08\/Thiet-ke-chua-co-ten-6-300x298.png 300w, https:\/\/vnforum.vn\/wp-content\/uploads\/2024\/08\/Thiet-ke-chua-co-ten-6-150x150.png 150w, https:\/\/vnforum.vn\/wp-content\/uploads\/2024\/08\/Thiet-ke-chua-co-ten-6-768x763.png 768w\" sizes=\"(max-width: 887px) 100vw, 887px\" \/>\t\t\t\t\t\t\t\t\t\t\t\t\t<\/div>\n\t\t\t\t<\/div>\n\t\t\t\t\t<\/div>\n\t\t<\/div>\n\t\t\t\t<div class=\"elementor-column elementor-col-50 elementor-top-column elementor-element elementor-element-74a5166 lakit-col-width-auto-no\" data-id=\"74a5166\" data-element_type=\"column\">\n\t\t\t<div class=\"elementor-widget-wrap elementor-element-populated\">\n\t\t\t\t\t\t<div class=\"elementor-element elementor-element-3e7603f elementor-widget elementor-widget-pp-info-box\" data-id=\"3e7603f\" data-element_type=\"widget\" data-widget_type=\"pp-info-box.default\">\n\t\t\t\t<div class=\"elementor-widget-container\">\n\t\t\t\t\t<div class=\"pp-info-box-container\">\n\t\t\t<div class=\"pp-info-box\">\n\t\t\t\t\t\t\t\t<div class=\"pp-info-box-content\">\n\t\t\t\t\t<div class=\"pp-info-box-title-wrap\">\n\t\t\t\t\t\t\t\t\t\t\t\t\t<div class=\"pp-info-box-title-container\">\n\t\t\t\t\t\t\t\t<h4 class=\"pp-info-box-title\">\n\t\t\t\t\t\t\t\t\tAttend the Viet Nam Forum  Opening session\t\t\t\t\t\t\t\t<\/h4>\n\t\t\t\t\t\t\t<\/div>\n\t\t\t\t\t\t\t\t\t\t\t\t<\/div>\n\n\t\t\t\t\t\n\t\t\t\t\t\t\t\t\t\t\t<div class=\"pp-info-box-description\">\n\t\t\t\t\t\t\t<p>V\u1edbi ni\u1ec1m tin v\u00e0 \u00fd th\u1ee9c m\u00e3nh li\u1ec7t r\u1eb1ng nh\u1eefng con ng\u01b0\u1eddi Vi\u1ec7t Nam d\u00f9 \u1edf b\u1ea5t k\u1ef3 n\u01a1i \u0111\u00e2u \u0111\u1ec1u g\u00f3p ph\u1ea7n l\u00e0m n\u00ean t\u00e2m h\u1ed3n, tr\u00ed tu\u1ec7, s\u1ee9c m\u1ea1nh v\u00e0 b\u1ea3n s\u1eafc d\u00e2n t\u1ed9c c\u1ee7a th\u01b0\u01a1ng hi\u1ec7u \u0111\u1ea5t n\u01b0\u1edbc, di\u1ec5n \u0111\u00e0n Vi\u1ec7t Nam: Th\u1eddi kh\u1eafc Vi\u1ec7t v\u1edbi c\u00e1c ho\u1ea1t \u0111\u1ed9ng \u0111a d\u1ea1ng v\u00e0 \u00fd ngh\u0129a theo ba ch\u1ee7 \u0111\u1ec3 c\u00f3 quan h\u1ec7 li\u00ean ho\u00e0n: V\u0103n h\u00f3a &#8211; K\u1ebft n\u1ed1i &#8211; S\u00e1ng t\u1ea1o<\/p>\t\t\t\t\t\t<\/div>\n\t\t\t\t\t\t\t\t\t\t\t\t\t\t<\/div>\n\t\t\t<\/div>\n\t\t<\/div>\n\t\t\t\t<\/div>\n\t\t\t\t<\/div>\n\t\t\t\t<div class=\"elementor-element elementor-element-9a51bb0 elementor-icon-list--layout-traditional elementor-list-item-link-full_width elementor-widget elementor-widget-icon-list\" data-id=\"9a51bb0\" data-element_type=\"widget\" data-widget_type=\"icon-list.default\">\n\t\t\t\t<div class=\"elementor-widget-container\">\n\t\t\t\t\t<ul class=\"elementor-icon-list-items\">\n\t\t\t\t\t\t\t<li class=\"elementor-icon-list-item\">\n\t\t\t\t\t\t\t\t\t\t\t<span class=\"elementor-icon-list-icon\">\n\t\t\t\t\t\t\t<i aria-hidden=\"true\" class=\"icofont icofont-calendar\"><\/i>\t\t\t\t\t\t<\/span>\n\t\t\t\t\t\t\t\t\t\t<span class=\"elementor-icon-list-text\"><strong>Date: <\/strong> 16 August, 2024<\/span>\n\t\t\t\t\t\t\t\t\t<\/li>\n\t\t\t\t\t\t\t\t<li class=\"elementor-icon-list-item\">\n\t\t\t\t\t\t\t\t\t\t\t<span class=\"elementor-icon-list-icon\">\n\t\t\t\t\t\t\t<svg xmlns=\"http:\/\/www.w3.org\/2000\/svg\" width=\"1024\" height=\"1024\" viewBox=\"0 0 1024 1024\" class=\"lakit-font-icon-svg\"><use xlink:href=\"#dlicon___ui_2_time\"><\/use><\/svg>\t\t\t\t\t\t<\/span>\n\t\t\t\t\t\t\t\t\t\t<span class=\"elementor-icon-list-text\"><strong>Time:<\/strong> 9 AM - 10.15 AM<\/span>\n\t\t\t\t\t\t\t\t\t<\/li>\n\t\t\t\t\t\t\t\t<li class=\"elementor-icon-list-item\">\n\t\t\t\t\t\t\t\t\t\t\t<span class=\"elementor-icon-list-icon\">\n\t\t\t\t\t\t\t<i aria-hidden=\"true\" class=\"fas fa-map-marker-alt\"><\/i>\t\t\t\t\t\t<\/span>\n\t\t\t\t\t\t\t\t\t\t<span class=\"elementor-icon-list-text\"><strong>Location: <\/strong> Room H\u1ea1 Long - Hong Bang International University<\/span>\n\t\t\t\t\t\t\t\t\t<\/li>\n\t\t\t\t\t\t<\/ul>\n\t\t\t\t<\/div>\n\t\t\t\t<\/div>\n\t\t\t\t<div class=\"elementor-element elementor-element-b448dca elementor-widget elementor-widget-button\" data-id=\"b448dca\" data-element_type=\"widget\" data-widget_type=\"button.default\">\n\t\t\t\t<div class=\"elementor-widget-container\">\n\t\t\t\t\t<div class=\"elementor-button-wrapper\">\n\t\t\t<a class=\"elementor-button elementor-button-link elementor-size-sm\" href=\"#\">\n\t\t\t\t\t\t<span class=\"elementor-button-content-wrapper\">\n\t\t\t\t\t\t\t\t\t<span class=\"elementor-button-text\">Register<\/span>\n\t\t\t\t\t<\/span>\n\t\t\t\t\t<\/a>\n\t\t<\/div>\n\t\t\t\t<\/div>\n\t\t\t\t<\/div>\n\t\t\t\t\t<\/div>\n\t\t<\/div>\n\t\t\t\t\t<\/div>\n\t\t<\/section>\n\t\t\t\t<section class=\"elementor-section elementor-top-section elementor-element elementor-element-8445603 elementor-reverse-tablet elementor-reverse-mobile elementor-section-height-min-height elementor-section-items-top elementor-section-boxed elementor-section-height-default\" data-id=\"8445603\" data-element_type=\"section\">\n\t\t\t\t\t\t<div class=\"elementor-container elementor-column-gap-default\">\n\t\t\t\t\t<div class=\"elementor-column elementor-col-50 elementor-top-column elementor-element elementor-element-0ad5f0b lakit-col-width-auto-no\" data-id=\"0ad5f0b\" data-element_type=\"column\">\n\t\t\t<div class=\"elementor-widget-wrap elementor-element-populated\">\n\t\t\t\t\t\t<div class=\"elementor-element elementor-element-a4de954 elementor-widget elementor-widget-pp-info-box\" data-id=\"a4de954\" data-element_type=\"widget\" data-widget_type=\"pp-info-box.default\">\n\t\t\t\t<div class=\"elementor-widget-container\">\n\t\t\t\t\t<div class=\"pp-info-box-container\">\n\t\t\t<div class=\"pp-info-box\">\n\t\t\t\t\t\t\t\t<div class=\"pp-info-box-content\">\n\t\t\t\t\t<div class=\"pp-info-box-title-wrap\">\n\t\t\t\t\t\t\t\t\t\t\t\t\t<div class=\"pp-info-box-title-container\">\n\t\t\t\t\t\t\t\t<h4 class=\"pp-info-box-title\">\n\t\t\t\t\t\t\t\t\tTham gia Cu\u1ed9c thi Pitch-in d\u00e0nh cho tu\u1ed5i tr\u1ebb\t\t\t\t\t\t\t\t<\/h4>\n\t\t\t\t\t\t\t<\/div>\n\t\t\t\t\t\t\t\t\t\t\t\t<\/div>\n\n\t\t\t\t\t\n\t\t\t\t\t\t\t\t\t\t\t<div class=\"pp-info-box-description\">\n\t\t\t\t\t\t\t<p>Cu\u1ed9c thi tr\u00ecnh b\u00e0y nh\u1eefng quan \u0111i\u1ec3m v\u1ec1 Vi\u1ec7t Nam n\u0103m 2024 d\u1ef1a tr\u00ean 3 ch\u1ee7 \u0111\u1ec1 V\u0103n Ho\u00e1 \u2013 K\u1ebft N\u1ed1i \u2013 S\u00e1ng T\u1ea1o. Cu\u1ed9c thi n\u00e0y l\u00e0 s\u00e2n ch\u01a1i cho nh\u1eefng ng\u01b0\u1eddi tr\u1ebb \u0111am m\u00ea s\u00e1ng t\u1ea1o tr\u00ecnh b\u00e0y nh\u1eefng \u00fd t\u01b0\u1edfng s\u00e1ng t\u1ea1o c\u1ee7a m\u00ecnh li\u00ean quan \u0111\u1ebfn b\u1ea3n s\u1eafc \u0111\u1ea5t n\u01b0\u1edbc Vi\u1ec7t Nam.\u2028<\/p><p>M\u1ee5c \u0111\u00edch l\u1edbn c\u1ee7a cu\u1ed9c thi l\u00e0 trau d\u1ed3i v\u00e0 t\u0103ng c\u01b0\u1eddng s\u1ef1 hi\u1ec3u bi\u1ebft c\u0169ng nh\u01b0, th\u00fac \u0111\u1ea9y s\u1ef1 \u0111a d\u1ea1ng, truy\u1ec1n c\u1ea3m h\u1ee9ng s\u00e1ng t\u1ea1o v\u00e0 c\u00f3 kh\u1ea3 n\u0103ng \u0111\u00f3ng g\u00f3p cho b\u1ed1i c\u1ea3nh v\u0103n h\u00f3a th\u00f4ng qua c\u00e1c \u00fd t\u01b0\u1edfng \u0111\u1ed9t ph\u00e1 b\u1eaft ngu\u1ed3n t\u1eeb cu\u1ed9c thi.<\/p>\t\t\t\t\t\t<\/div>\n\t\t\t\t\t\t\t\t\t\t\t\t\t\t<\/div>\n\t\t\t<\/div>\n\t\t<\/div>\n\t\t\t\t<\/div>\n\t\t\t\t<\/div>\n\t\t\t\t<div class=\"elementor-element elementor-element-2dfbdce elementor-icon-list--layout-traditional elementor-list-item-link-full_width elementor-widget elementor-widget-icon-list\" data-id=\"2dfbdce\" data-element_type=\"widget\" data-widget_type=\"icon-list.default\">\n\t\t\t\t<div class=\"elementor-widget-container\">\n\t\t\t\t\t<ul class=\"elementor-icon-list-items\">\n\t\t\t\t\t\t\t<li class=\"elementor-icon-list-item\">\n\t\t\t\t\t\t\t\t\t\t\t<span class=\"elementor-icon-list-icon\">\n\t\t\t\t\t\t\t<i aria-hidden=\"true\" class=\"icofont icofont-calendar\"><\/i>\t\t\t\t\t\t<\/span>\n\t\t\t\t\t\t\t\t\t\t<span class=\"elementor-icon-list-text\"><strong>Ng\u00e0y:<\/strong> 16 - 17 th\u00e1ng 8 n\u0103m 2024<\/span>\n\t\t\t\t\t\t\t\t\t<\/li>\n\t\t\t\t\t\t\t\t<li class=\"elementor-icon-list-item\">\n\t\t\t\t\t\t\t\t\t\t\t<span class=\"elementor-icon-list-icon\">\n\t\t\t\t\t\t\t<svg xmlns=\"http:\/\/www.w3.org\/2000\/svg\" width=\"1024\" height=\"1024\" viewBox=\"0 0 1024 1024\" class=\"lakit-font-icon-svg\"><use xlink:href=\"#dlicon___ui_2_time\"><\/use><\/svg>\t\t\t\t\t\t<\/span>\n\t\t\t\t\t\t\t\t\t\t<span class=\"elementor-icon-list-text\"><strong>Th\u1eddi gian:<\/strong> 09g00 - 21g00<\/span>\n\t\t\t\t\t\t\t\t\t<\/li>\n\t\t\t\t\t\t\t\t<li class=\"elementor-icon-list-item\">\n\t\t\t\t\t\t\t\t\t\t\t<span class=\"elementor-icon-list-icon\">\n\t\t\t\t\t\t\t<i aria-hidden=\"true\" class=\"fas fa-map-marker-alt\"><\/i>\t\t\t\t\t\t<\/span>\n\t\t\t\t\t\t\t\t\t\t<span class=\"elementor-icon-list-text\"><strong>\u0110\u1ecba \u0111i\u1ec3m:<\/strong> (d\u1ef1 ki\u1ebfn)<\/span>\n\t\t\t\t\t\t\t\t\t<\/li>\n\t\t\t\t\t\t<\/ul>\n\t\t\t\t<\/div>\n\t\t\t\t<\/div>\n\t\t\t\t<div class=\"elementor-element elementor-element-4969083 elementor-widget elementor-widget-button\" data-id=\"4969083\" data-element_type=\"widget\" data-widget_type=\"button.default\">\n\t\t\t\t<div class=\"elementor-widget-container\">\n\t\t\t\t\t<div class=\"elementor-button-wrapper\">\n\t\t\t<a class=\"elementor-button elementor-button-link elementor-size-sm\" href=\"#\">\n\t\t\t\t\t\t<span class=\"elementor-button-content-wrapper\">\n\t\t\t\t\t\t\t\t\t<span class=\"elementor-button-text\">\u0110\u0103ng k\u00fd ngay<\/span>\n\t\t\t\t\t<\/span>\n\t\t\t\t\t<\/a>\n\t\t<\/div>\n\t\t\t\t<\/div>\n\t\t\t\t<\/div>\n\t\t\t\t\t<\/div>\n\t\t<\/div>\n\t\t\t\t<div class=\"elementor-column elementor-col-50 elementor-top-column elementor-element elementor-element-b8063a1 lakit-col-width-auto-no\" data-id=\"b8063a1\" data-element_type=\"column\">\n\t\t\t<div class=\"elementor-widget-wrap elementor-element-populated\">\n\t\t\t\t\t\t<div class=\"elementor-element elementor-element-bb36af3 elementor-widget elementor-widget-image\" data-id=\"bb36af3\" data-element_type=\"widget\" data-widget_type=\"image.default\">\n\t\t\t\t<div class=\"elementor-widget-container\">\n\t\t\t\t\t\t\t\t\t\t\t\t\t<img decoding=\"async\" width=\"887\" height=\"881\" src=\"https:\/\/vnforum.vn\/wp-content\/uploads\/2024\/07\/Group-240036-3.jpg\" class=\"attachment-full size-full wp-image-2456\" alt=\"\" srcset=\"https:\/\/vnforum.vn\/wp-content\/uploads\/2024\/07\/Group-240036-3.jpg 887w, https:\/\/vnforum.vn\/wp-content\/uploads\/2024\/07\/Group-240036-3-300x298.jpg 300w, https:\/\/vnforum.vn\/wp-content\/uploads\/2024\/07\/Group-240036-3-150x150.jpg 150w, https:\/\/vnforum.vn\/wp-content\/uploads\/2024\/07\/Group-240036-3-768x763.jpg 768w\" sizes=\"(max-width: 887px) 100vw, 887px\" \/>\t\t\t\t\t\t\t\t\t\t\t\t\t<\/div>\n\t\t\t\t<\/div>\n\t\t\t\t\t<\/div>\n\t\t<\/div>\n\t\t\t\t\t<\/div>\n\t\t<\/section>\n\t\t\t\t<\/div>\n\t\t","protected":false},"excerpt":{"rendered":"<p>Contact &amp; Register Register for Viet Nam Forum: The Moment V\u1edbi ni\u1ec1m tin v\u00e0 \u00fd&#8230;<\/p>\n","protected":false},"author":1,"featured_media":0,"parent":0,"menu_order":0,"comment_status":"closed","ping_status":"closed","template":"elementor_header_footer","meta":{"_acf_changed":false,"footnotes":""},"class_list":["post-2396","page","type-page","status-publish","hentry"],"acf":[],"_links":{"self":[{"href":"https:\/\/vnforum.vn\/en\/wp-json\/wp\/v2\/pages\/2396","targetHints":{"allow":["GET"]}}],"collection":[{"href":"https:\/\/vnforum.vn\/en\/wp-json\/wp\/v2\/pages"}],"about":[{"href":"https:\/\/vnforum.vn\/en\/wp-json\/wp\/v2\/types\/page"}],"author":[{"embeddable":true,"href":"https:\/\/vnforum.vn\/en\/wp-json\/wp\/v2\/users\/1"}],"replies":[{"embeddable":true,"href":"https:\/\/vnforum.vn\/en\/wp-json\/wp\/v2\/comments?post=2396"}],"version-history":[{"count":46,"href":"https:\/\/vnforum.vn\/en\/wp-json\/wp\/v2\/pages\/2396\/revisions"}],"predecessor-version":[{"id":5157,"href":"https:\/\/vnforum.vn\/en\/wp-json\/wp\/v2\/pages\/2396\/revisions\/5157"}],"wp:attachment":[{"href":"https:\/\/vnforum.vn\/en\/wp-json\/wp\/v2\/media?parent=2396"}],"curies":[{"name":"wp","href":"https:\/\/api.w.org\/{rel}","templated":true}]}}